{"id":76,"date":"2021-07-19T04:12:04","date_gmt":"2021-07-19T04:12:04","guid":{"rendered":"https:\/\/capacitacion.corape.org.ec\/covid\/?page_id=76"},"modified":"2021-07-29T03:45:17","modified_gmt":"2021-07-29T03:45:17","slug":"inicio","status":"publish","type":"page","link":"https:\/\/capacitacion.corape.org.ec\/covid\/","title":{"rendered":"Inicio"},"content":{"rendered":"\t\t<div data-elementor-type=\"wp-page\" data-elementor-id=\"76\" class=\"elementor elementor-76\" data-elementor-settings=\"[]\">\n\t\t\t\t\t\t\t<div class=\"elementor-section-wrap\">\n\t\t\t\t\t\t\t<section class=\"elementor-section elementor-top-section elementor-element elementor-element-6c7a14e elementor-section-boxed elementor-section-height-default elementor-section-height-default\" data-id=\"6c7a14e\" data-element_type=\"section\">\n\t\t\t\t\t\t<div class=\"elementor-container elementor-column-gap-default\">\n\t\t\t\t\t<div class=\"elementor-column elementor-col-100 elementor-top-column elementor-element elementor-element-65eb16d\" data-id=\"65eb16d\" data-element_type=\"column\">\n\t\t\t<div class=\"elementor-widget-wrap elementor-element-populated\">\n\t\t\t\t\t\t\t\t<div class=\"elementor-element elementor-element-61b204d elementor-widget elementor-widget-html\" data-id=\"61b204d\" data-element_type=\"widget\" data-widget_type=\"html.default\">\n\t\t\t\t<div class=\"elementor-widget-container\">\n\t\t\t<iframe frameborder=\"0\" scrolling=\"no\" seamless=\"seamless\" style=\"display:block; width:100%; height:500px;\" src=\"https:\/\/corape.org.ec\/covid\/page\/index2doserv.html\" title=\"Inline Frame Example\" \"><\/iframe>\t\t<\/div>\n\t\t\t\t<\/div>\n\t\t\t\t\t<\/div>\n\t\t<\/div>\n\t\t\t\t\t\t\t<\/div>\n\t\t<\/section>\n\t\t\t\t<section class=\"elementor-section elementor-top-section elementor-element elementor-element-e50c689 elementor-section-boxed elementor-section-height-default elementor-section-height-default\" data-id=\"e50c689\" data-element_type=\"section\">\n\t\t\t\t\t\t<div class=\"elementor-container elementor-column-gap-default\">\n\t\t\t\t\t<div class=\"elementor-column elementor-col-50 elementor-top-column elementor-element elementor-element-521fa3d\" data-id=\"521fa3d\" data-element_type=\"column\">\n\t\t\t<div class=\"elementor-widget-wrap elementor-element-populated\">\n\t\t\t\t\t\t\t\t<div class=\"elementor-element elementor-element-e325340 elementor-widget elementor-widget-image\" data-id=\"e325340\" data-element_type=\"widget\" data-widget_type=\"image.default\">\n\t\t\t\t<div class=\"elementor-widget-container\">\n\t\t\t\t\t\t\t\t\t\t\t\t\t\t\t<img loading=\"lazy\" decoding=\"async\" width=\"750\" height=\"636\" src=\"https:\/\/capacitacion.corape.org.ec\/covid\/wp-content\/uploads\/2021\/07\/webuniceflogo-01.png\" class=\"attachment-large size-large\" alt=\"\" srcset=\"https:\/\/capacitacion.corape.org.ec\/covid\/wp-content\/uploads\/2021\/07\/webuniceflogo-01.png 900w, https:\/\/capacitacion.corape.org.ec\/covid\/wp-content\/uploads\/2021\/07\/webuniceflogo-01-300x254.png 300w, https:\/\/capacitacion.corape.org.ec\/covid\/wp-content\/uploads\/2021\/07\/webuniceflogo-01-768x651.png 768w\" sizes=\"auto, (max-width: 750px) 100vw, 750px\" \/>\t\t\t\t\t\t\t\t\t\t\t\t\t\t\t<\/div>\n\t\t\t\t<\/div>\n\t\t\t\t\t<\/div>\n\t\t<\/div>\n\t\t\t\t<div class=\"elementor-column elementor-col-50 elementor-top-column elementor-element elementor-element-b0ee720\" data-id=\"b0ee720\" data-element_type=\"column\">\n\t\t\t<div class=\"elementor-widget-wrap elementor-element-populated\">\n\t\t\t\t\t\t\t\t<div class=\"elementor-element elementor-element-ed61705 elementor-widget elementor-widget-text-editor\" data-id=\"ed61705\" data-element_type=\"widget\" data-widget_type=\"text-editor.default\">\n\t\t\t\t<div class=\"elementor-widget-container\">\n\t\t\t\t\t\t\t\t<p><span>Mediante las radios comunitarias afiliadas a CORAPE, se generar\u00e1 un proceso de edu-comunicaci\u00f3n participativo con familias y estudiantes de primaria y secundaria que prioriza pautas educativas de ense\u00f1anza a distancia y en el hogar, que sean relevantes, basadas en la experiencia y adaptadas a la situaci\u00f3n de emergencia (COVID_19) y con \u00e9nfasis en temas como el desarrollo infantil, parentalidad positiva, cultura de paz y prevenci\u00f3n de la COVID_19.<\/span><\/p>\t\t\t\t\t\t<\/div>\n\t\t\t\t<\/div>\n\t\t\t\t\t<\/div>\n\t\t<\/div>\n\t\t\t\t\t\t\t<\/div>\n\t\t<\/section>\n\t\t\t\t<section class=\"elementor-section elementor-top-section elementor-element elementor-element-0e6e791 elementor-section-boxed elementor-section-height-default elementor-section-height-default\" data-id=\"0e6e791\" data-element_type=\"section\">\n\t\t\t\t\t\t<div class=\"elementor-container elementor-column-gap-default\">\n\t\t\t\t\t<div class=\"elementor-column elementor-col-25 elementor-top-column elementor-element elementor-element-03af523\" data-id=\"03af523\" data-element_type=\"column\">\n\t\t\t<div class=\"elementor-widget-wrap elementor-element-populated\">\n\t\t\t\t\t\t\t\t<div class=\"elementor-element elementor-element-c5fbb96 elementor-widget elementor-widget-heading\" data-id=\"c5fbb96\" data-element_type=\"widget\" data-settings=\"{&quot;_animation&quot;:&quot;none&quot;}\" data-widget_type=\"heading.default\">\n\t\t\t\t<div class=\"elementor-widget-container\">\n\t\t\t<h4 class=\"elementor-heading-title elementor-size-default\"><a href=\"https:\/\/capacitacion.corape.org.ec\/covid\/elementor-282\/\">EDUCACI\u00d3N<\/a><\/h4>\t\t<\/div>\n\t\t\t\t<\/div>\n\t\t\t\t\t<\/div>\n\t\t<\/div>\n\t\t\t\t<div class=\"elementor-column elementor-col-25 elementor-top-column elementor-element elementor-element-ab1f3b4\" data-id=\"ab1f3b4\" data-element_type=\"column\">\n\t\t\t<div class=\"elementor-widget-wrap elementor-element-populated\">\n\t\t\t\t\t\t\t\t<div class=\"elementor-element elementor-element-4f3473d elementor-widget elementor-widget-heading\" data-id=\"4f3473d\" data-element_type=\"widget\" data-widget_type=\"heading.default\">\n\t\t\t\t<div class=\"elementor-widget-container\">\n\t\t\t<h4 class=\"elementor-heading-title elementor-size-default\"><a href=\"https:\/\/capacitacion.corape.org.ec\/covid\/salud-y-nutricion\/\">SALUD Y NUTRICI\u00d3N<\/a><\/h4>\t\t<\/div>\n\t\t\t\t<\/div>\n\t\t\t\t\t<\/div>\n\t\t<\/div>\n\t\t\t\t<div class=\"elementor-column elementor-col-25 elementor-top-column elementor-element elementor-element-7c68f5a\" data-id=\"7c68f5a\" data-element_type=\"column\">\n\t\t\t<div class=\"elementor-widget-wrap elementor-element-populated\">\n\t\t\t\t\t\t\t\t<div class=\"elementor-element elementor-element-54af93b elementor-widget elementor-widget-heading\" data-id=\"54af93b\" data-element_type=\"widget\" data-widget_type=\"heading.default\">\n\t\t\t\t<div class=\"elementor-widget-container\">\n\t\t\t<h4 class=\"elementor-heading-title elementor-size-default\"><a href=\"https:\/\/capacitacion.corape.org.ec\/covid\/proteccion\/\">PROTECCI\u00d3N<\/a><\/h4>\t\t<\/div>\n\t\t\t\t<\/div>\n\t\t\t\t\t<\/div>\n\t\t<\/div>\n\t\t\t\t<div class=\"elementor-column elementor-col-25 elementor-top-column elementor-element elementor-element-2590f5e\" data-id=\"2590f5e\" data-element_type=\"column\">\n\t\t\t<div class=\"elementor-widget-wrap elementor-element-populated\">\n\t\t\t\t\t\t\t\t<div class=\"elementor-element elementor-element-e0d7f7f elementor-widget elementor-widget-heading\" data-id=\"e0d7f7f\" data-element_type=\"widget\" data-widget_type=\"heading.default\">\n\t\t\t\t<div class=\"elementor-widget-container\">\n\t\t\t<h4 class=\"elementor-heading-title elementor-size-default\"><a href=\"https:\/\/capacitacion.corape.org.ec\/covid\/inclusion-social\/\">INCLUSI\u00d3N\nSOCIAL<\/a><\/h4>\t\t<\/div>\n\t\t\t\t<\/div>\n\t\t\t\t\t<\/div>\n\t\t<\/div>\n\t\t\t\t\t\t\t<\/div>\n\t\t<\/section>\n\t\t\t\t<section class=\"elementor-section elementor-top-section elementor-element elementor-element-b457567 elementor-section-boxed elementor-section-height-default elementor-section-height-default\" data-id=\"b457567\" data-element_type=\"section\">\n\t\t\t\t\t\t<div class=\"elementor-container elementor-column-gap-default\">\n\t\t\t\t\t<div class=\"elementor-column elementor-col-100 elementor-top-column elementor-element elementor-element-1ae9977\" data-id=\"1ae9977\" data-element_type=\"column\">\n\t\t\t<div class=\"elementor-widget-wrap elementor-element-populated\">\n\t\t\t\t\t\t\t\t<div class=\"elementor-element elementor-element-d5736cf elementor-widget elementor-widget-shortcode\" data-id=\"d5736cf\" data-element_type=\"widget\" data-widget_type=\"shortcode.default\">\n\t\t\t\t<div class=\"elementor-widget-container\">\n\t\t\t\t\t<div class=\"elementor-shortcode\"><div id=\"metaslider-id-217\" style=\"width: 100%; margin: 0 auto;\" class=\"ml-slider-3-20-3 metaslider metaslider-flex metaslider-217 ml-slider\">\n    <div id=\"metaslider_container_217\">\n        <div id=\"metaslider_217\">\n            <ul aria-live=\"polite\" class=\"slides\">\n                <li style=\"display: none; width: 100%;\" class=\"slide-247 ms-image\"><img loading=\"lazy\" decoding=\"async\" width=\"200\" height=\"120\" src=\"https:\/\/capacitacion.corape.org.ec\/covid\/wp-content\/uploads\/2021\/07\/radio_alfaro.jpg\" class=\"slider-217 slide-247\" alt=\"\" rel=\"\" title=\"radio_alfaro\" \/><\/li>\n                <li style=\"display: none; width: 100%;\" class=\"slide-248 ms-image\"><img loading=\"lazy\" decoding=\"async\" width=\"200\" height=\"120\" src=\"https:\/\/capacitacion.corape.org.ec\/covid\/wp-content\/uploads\/2021\/07\/radio_antena_libre.jpg\" class=\"slider-217 slide-248\" alt=\"\" rel=\"\" title=\"radio_antena_libre\" \/><\/li>\n                <li style=\"display: none; width: 100%;\" class=\"slide-249 ms-image\"><img loading=\"lazy\" decoding=\"async\" width=\"200\" height=\"120\" src=\"https:\/\/capacitacion.corape.org.ec\/covid\/wp-content\/uploads\/2021\/07\/radio_catolica.jpg\" class=\"slider-217 slide-249\" alt=\"\" rel=\"\" title=\"radio_catolica\" \/><\/li>\n                <li style=\"display: none; width: 100%;\" class=\"slide-250 ms-image\"><img loading=\"lazy\" decoding=\"async\" width=\"200\" height=\"120\" src=\"https:\/\/capacitacion.corape.org.ec\/covid\/wp-content\/uploads\/2021\/07\/radio_erpe.jpg\" class=\"slider-217 slide-250\" alt=\"\" rel=\"\" title=\"radio_erpe\" \/><\/li>\n                <li style=\"display: none; width: 100%;\" class=\"slide-251 ms-image\"><img loading=\"lazy\" decoding=\"async\" width=\"200\" height=\"120\" src=\"https:\/\/capacitacion.corape.org.ec\/covid\/wp-content\/uploads\/2021\/07\/radio_frontera.jpg\" class=\"slider-217 slide-251\" alt=\"\" rel=\"\" title=\"radio_frontera\" \/><\/li>\n                <li style=\"display: none; width: 100%;\" class=\"slide-252 ms-image\"><img loading=\"lazy\" decoding=\"async\" width=\"200\" height=\"120\" src=\"https:\/\/capacitacion.corape.org.ec\/covid\/wp-content\/uploads\/2021\/07\/radio_guamote.jpg\" class=\"slider-217 slide-252\" alt=\"\" rel=\"\" title=\"radio_guamote\" \/><\/li>\n                <li style=\"display: none; width: 100%;\" class=\"slide-253 ms-image\"><img loading=\"lazy\" decoding=\"async\" width=\"200\" height=\"120\" src=\"https:\/\/capacitacion.corape.org.ec\/covid\/wp-content\/uploads\/2021\/07\/radio_iluman.jpg\" class=\"slider-217 slide-253\" alt=\"\" rel=\"\" title=\"radio_iluman\" \/><\/li>\n                <li style=\"display: none; width: 100%;\" class=\"slide-254 ms-image\"><img loading=\"lazy\" decoding=\"async\" width=\"200\" height=\"120\" src=\"https:\/\/capacitacion.corape.org.ec\/covid\/wp-content\/uploads\/2021\/07\/radio_la_paz.jpg\" class=\"slider-217 slide-254\" alt=\"\" rel=\"\" title=\"radio_la_paz\" \/><\/li>\n                <li style=\"display: none; width: 100%;\" class=\"slide-255 ms-image\"><img loading=\"lazy\" decoding=\"async\" width=\"200\" height=\"120\" src=\"https:\/\/capacitacion.corape.org.ec\/covid\/wp-content\/uploads\/2021\/07\/radio_latacunga.jpg\" class=\"slider-217 slide-255\" alt=\"\" rel=\"\" title=\"radio_latacunga\" \/><\/li>\n                <li style=\"display: none; width: 100%;\" class=\"slide-256 ms-image\"><img loading=\"lazy\" decoding=\"async\" width=\"200\" height=\"120\" src=\"https:\/\/capacitacion.corape.org.ec\/covid\/wp-content\/uploads\/2021\/07\/radio_puyo.jpg\" class=\"slider-217 slide-256\" alt=\"\" rel=\"\" title=\"radio_puyo\" \/><\/li>\n                <li style=\"display: none; width: 100%;\" class=\"slide-257 ms-image\"><img loading=\"lazy\" decoding=\"async\" width=\"200\" height=\"120\" src=\"https:\/\/capacitacion.corape.org.ec\/covid\/wp-content\/uploads\/2021\/07\/radio_runacunapac.jpg\" class=\"slider-217 slide-257\" alt=\"\" rel=\"\" title=\"radio_runacunapac\" \/><\/li>\n                <li style=\"display: none; width: 100%;\" class=\"slide-258 ms-image\"><img loading=\"lazy\" decoding=\"async\" width=\"200\" height=\"120\" src=\"https:\/\/capacitacion.corape.org.ec\/covid\/wp-content\/uploads\/2021\/07\/radio_salinerito.jpg\" class=\"slider-217 slide-258\" alt=\"\" rel=\"\" title=\"radio_salinerito\" \/><\/li>\n                <li style=\"display: none; width: 100%;\" class=\"slide-259 ms-image\"><img loading=\"lazy\" decoding=\"async\" width=\"200\" height=\"120\" src=\"https:\/\/capacitacion.corape.org.ec\/covid\/wp-content\/uploads\/2021\/07\/radio_santiago.jpg\" class=\"slider-217 slide-259\" alt=\"\" rel=\"\" title=\"radio_santiago\" \/><\/li>\n                <li style=\"display: none; width: 100%;\" class=\"slide-260 ms-image\"><img loading=\"lazy\" decoding=\"async\" width=\"200\" height=\"120\" src=\"https:\/\/capacitacion.corape.org.ec\/covid\/wp-content\/uploads\/2021\/07\/radio_sonoonda.jpg\" class=\"slider-217 slide-260\" alt=\"\" rel=\"\" title=\"radio_sonoonda\" \/><\/li>\n                <li style=\"display: none; width: 100%;\" class=\"slide-261 ms-image\"><img loading=\"lazy\" decoding=\"async\" width=\"200\" height=\"120\" src=\"https:\/\/capacitacion.corape.org.ec\/covid\/wp-content\/uploads\/2021\/07\/radio_stereo_ideal.jpg\" class=\"slider-217 slide-261\" alt=\"\" rel=\"\" title=\"radio_stereo_ideal\" \/><\/li>\n                <li style=\"display: none; width: 100%;\" class=\"slide-262 ms-image\"><img loading=\"lazy\" decoding=\"async\" width=\"200\" height=\"120\" src=\"https:\/\/capacitacion.corape.org.ec\/covid\/wp-content\/uploads\/2021\/07\/radio_sucumbios.jpg\" class=\"slider-217 slide-262\" alt=\"\" rel=\"\" title=\"radio_sucumbios\" \/><\/li>\n                <li style=\"display: none; width: 100%;\" class=\"slide-263 ms-image\"><img loading=\"lazy\" decoding=\"async\" width=\"200\" height=\"120\" src=\"https:\/\/capacitacion.corape.org.ec\/covid\/wp-content\/uploads\/2021\/07\/radio_voz_ingapirca.jpg\" class=\"slider-217 slide-263\" alt=\"\" rel=\"\" title=\"radio_voz_ingapirca\" \/><\/li>\n                <li style=\"display: none; width: 100%;\" class=\"slide-264 ms-image\"><img loading=\"lazy\" decoding=\"async\" width=\"200\" height=\"120\" src=\"https:\/\/capacitacion.corape.org.ec\/covid\/wp-content\/uploads\/2021\/07\/radio_voz_upano.jpg\" class=\"slider-217 slide-264\" alt=\"\" rel=\"\" title=\"radio_voz_upano\" \/><\/li>\n                <li style=\"display: none; width: 100%;\" class=\"slide-265 ms-image\"><img loading=\"lazy\" decoding=\"async\" width=\"2503\" height=\"1543\" src=\"https:\/\/capacitacion.corape.org.ec\/covid\/wp-content\/uploads\/2021\/07\/radiointag-02.png\" class=\"slider-217 slide-265\" alt=\"\" rel=\"\" title=\"radiointag-02\" srcset=\"https:\/\/capacitacion.corape.org.ec\/covid\/wp-content\/uploads\/2021\/07\/radiointag-02.png 2503w, https:\/\/capacitacion.corape.org.ec\/covid\/wp-content\/uploads\/2021\/07\/radiointag-02-300x185.png 300w, https:\/\/capacitacion.corape.org.ec\/covid\/wp-content\/uploads\/2021\/07\/radiointag-02-1024x631.png 1024w, https:\/\/capacitacion.corape.org.ec\/covid\/wp-content\/uploads\/2021\/07\/radiointag-02-768x473.png 768w, https:\/\/capacitacion.corape.org.ec\/covid\/wp-content\/uploads\/2021\/07\/radiointag-02-1536x947.png 1536w, https:\/\/capacitacion.corape.org.ec\/covid\/wp-content\/uploads\/2021\/07\/radiointag-02-2048x1263.png 2048w\" sizes=\"auto, (max-width: 2503px) 100vw, 2503px\" \/><\/li>\n                <li style=\"display: none; width: 100%;\" class=\"slide-266 ms-image\"><img loading=\"lazy\" decoding=\"async\" width=\"2503\" height=\"1543\" src=\"https:\/\/capacitacion.corape.org.ec\/covid\/wp-content\/uploads\/2021\/07\/radiointeg-04.png\" class=\"slider-217 slide-266\" alt=\"\" rel=\"\" title=\"radiointeg-04\" srcset=\"https:\/\/capacitacion.corape.org.ec\/covid\/wp-content\/uploads\/2021\/07\/radiointeg-04.png 2503w, https:\/\/capacitacion.corape.org.ec\/covid\/wp-content\/uploads\/2021\/07\/radiointeg-04-300x185.png 300w, https:\/\/capacitacion.corape.org.ec\/covid\/wp-content\/uploads\/2021\/07\/radiointeg-04-1024x631.png 1024w, https:\/\/capacitacion.corape.org.ec\/covid\/wp-content\/uploads\/2021\/07\/radiointeg-04-768x473.png 768w, https:\/\/capacitacion.corape.org.ec\/covid\/wp-content\/uploads\/2021\/07\/radiointeg-04-1536x947.png 1536w, https:\/\/capacitacion.corape.org.ec\/covid\/wp-content\/uploads\/2021\/07\/radiointeg-04-2048x1263.png 2048w\" sizes=\"auto, (max-width: 2503px) 100vw, 2503px\" \/><\/li>\n                <li style=\"display: none; width: 100%;\" class=\"slide-267 ms-image\"><img loading=\"lazy\" decoding=\"async\" width=\"2503\" height=\"1543\" src=\"https:\/\/capacitacion.corape.org.ec\/covid\/wp-content\/uploads\/2021\/07\/radiopanamanew-03.png\" class=\"slider-217 slide-267\" alt=\"\" rel=\"\" title=\"radiopanamanew-03\" srcset=\"https:\/\/capacitacion.corape.org.ec\/covid\/wp-content\/uploads\/2021\/07\/radiopanamanew-03.png 2503w, https:\/\/capacitacion.corape.org.ec\/covid\/wp-content\/uploads\/2021\/07\/radiopanamanew-03-300x185.png 300w, https:\/\/capacitacion.corape.org.ec\/covid\/wp-content\/uploads\/2021\/07\/radiopanamanew-03-1024x631.png 1024w, https:\/\/capacitacion.corape.org.ec\/covid\/wp-content\/uploads\/2021\/07\/radiopanamanew-03-768x473.png 768w, https:\/\/capacitacion.corape.org.ec\/covid\/wp-content\/uploads\/2021\/07\/radiopanamanew-03-1536x947.png 1536w, https:\/\/capacitacion.corape.org.ec\/covid\/wp-content\/uploads\/2021\/07\/radiopanamanew-03-2048x1263.png 2048w\" sizes=\"auto, (max-width: 2503px) 100vw, 2503px\" \/><\/li>\n                <li style=\"display: none; width: 100%;\" class=\"slide-268 ms-image\"><img loading=\"lazy\" decoding=\"async\" width=\"800\" height=\"390\" src=\"https:\/\/capacitacion.corape.org.ec\/covid\/wp-content\/uploads\/2021\/07\/radipcce-1.png\" class=\"slider-217 slide-268\" alt=\"\" rel=\"\" title=\"radipcce-1\" srcset=\"https:\/\/capacitacion.corape.org.ec\/covid\/wp-content\/uploads\/2021\/07\/radipcce-1.png 800w, https:\/\/capacitacion.corape.org.ec\/covid\/wp-content\/uploads\/2021\/07\/radipcce-1-300x146.png 300w, https:\/\/capacitacion.corape.org.ec\/covid\/wp-content\/uploads\/2021\/07\/radipcce-1-768x374.png 768w\" sizes=\"auto, (max-width: 800px) 100vw, 800px\" \/><\/li>\n                <li style=\"display: none; width: 100%;\" class=\"slide-269 ms-image\"><img loading=\"lazy\" decoding=\"async\" width=\"166\" height=\"113\" src=\"https:\/\/capacitacion.corape.org.ec\/covid\/wp-content\/uploads\/2021\/07\/santacruz1-01.png\" class=\"slider-217 slide-269\" alt=\"\" rel=\"\" title=\"santacruz1-01\" \/><\/li>\n                <li style=\"display: none; width: 100%;\" class=\"slide-270 ms-image\"><img loading=\"lazy\" decoding=\"async\" width=\"605\" height=\"462\" src=\"https:\/\/capacitacion.corape.org.ec\/covid\/wp-content\/uploads\/2021\/07\/stereo_san_miguel-01.jpg\" class=\"slider-217 slide-270\" alt=\"\" rel=\"\" title=\"stereo_san_miguel-01\" srcset=\"https:\/\/capacitacion.corape.org.ec\/covid\/wp-content\/uploads\/2021\/07\/stereo_san_miguel-01.jpg 605w, https:\/\/capacitacion.corape.org.ec\/covid\/wp-content\/uploads\/2021\/07\/stereo_san_miguel-01-300x229.jpg 300w\" sizes=\"auto, (max-width: 605px) 100vw, 605px\" \/><\/li>\n                <li style=\"display: none; width: 100%;\" class=\"slide-271 ms-image\"><img loading=\"lazy\" decoding=\"async\" width=\"230\" height=\"137\" src=\"https:\/\/capacitacion.corape.org.ec\/covid\/wp-content\/uploads\/2021\/07\/upano8.png\" class=\"slider-217 slide-271\" alt=\"\" rel=\"\" title=\"upano8\" \/><\/li>\n                <li style=\"display: none; width: 100%;\" class=\"slide-272 ms-image\"><img loading=\"lazy\" decoding=\"async\" width=\"478\" height=\"167\" src=\"https:\/\/capacitacion.corape.org.ec\/covid\/wp-content\/uploads\/2021\/07\/LOGO-RADIO-IRFEYAL-1-1-1.png\" class=\"slider-217 slide-272\" alt=\"\" rel=\"\" title=\"LOGO RADIO IRFEYAL (1) (1) (1)\" srcset=\"https:\/\/capacitacion.corape.org.ec\/covid\/wp-content\/uploads\/2021\/07\/LOGO-RADIO-IRFEYAL-1-1-1.png 478w, https:\/\/capacitacion.corape.org.ec\/covid\/wp-content\/uploads\/2021\/07\/LOGO-RADIO-IRFEYAL-1-1-1-300x105.png 300w\" sizes=\"auto, (max-width: 478px) 100vw, 478px\" \/><\/li>\n            <\/ul>\n        <\/div>\n        \n    <\/div>\n<\/div><\/div>\n\t\t\t\t<\/div>\n\t\t\t\t<\/div>\n\t\t\t\t\t<\/div>\n\t\t<\/div>\n\t\t\t\t\t\t\t<\/div>\n\t\t<\/section>\n\t\t\t\t\t\t<\/div>\n\t\t\t\t\t<\/div>\n\t\t","protected":false},"excerpt":{"rendered":"","protected":false},"author":1,"featured_media":0,"parent":0,"menu_order":0,"comment_status":"closed","ping_status":"closed","template":"elementor_header_footer","meta":{"footnotes":""},"class_list":["post-76","page","type-page","status-publish","hentry"],"_links":{"self":[{"href":"https:\/\/capacitacion.corape.org.ec\/covid\/wp-json\/wp\/v2\/pages\/76","targetHints":{"allow":["GET"]}}],"collection":[{"href":"https:\/\/capacitacion.corape.org.ec\/covid\/wp-json\/wp\/v2\/pages"}],"about":[{"href":"https:\/\/capacitacion.corape.org.ec\/covid\/wp-json\/wp\/v2\/types\/page"}],"author":[{"embeddable":true,"href":"https:\/\/capacitacion.corape.org.ec\/covid\/wp-json\/wp\/v2\/users\/1"}],"replies":[{"embeddable":true,"href":"https:\/\/capacitacion.corape.org.ec\/covid\/wp-json\/wp\/v2\/comments?post=76"}],"version-history":[{"count":118,"href":"https:\/\/capacitacion.corape.org.ec\/covid\/wp-json\/wp\/v2\/pages\/76\/revisions"}],"predecessor-version":[{"id":420,"href":"https:\/\/capacitacion.corape.org.ec\/covid\/wp-json\/wp\/v2\/pages\/76\/revisions\/420"}],"wp:attachment":[{"href":"https:\/\/capacitacion.corape.org.ec\/covid\/wp-json\/wp\/v2\/media?parent=76"}],"curies":[{"name":"wp","href":"https:\/\/api.w.org\/{rel}","templated":true}]}}