{"id":409,"date":"2021-07-29T03:41:40","date_gmt":"2021-07-29T03:41:40","guid":{"rendered":"https:\/\/capacitacion.corape.org.ec\/covid\/?page_id=409"},"modified":"2021-07-29T03:44:43","modified_gmt":"2021-07-29T03:44:43","slug":"inclusion-social","status":"publish","type":"page","link":"https:\/\/capacitacion.corape.org.ec\/covid\/inclusion-social\/","title":{"rendered":"INCLUSI\u00d3N SOCIAL"},"content":{"rendered":"\t\t<div data-elementor-type=\"wp-page\" data-elementor-id=\"409\" class=\"elementor elementor-409\" data-elementor-settings=\"[]\">\n\t\t\t\t\t\t\t<div class=\"elementor-section-wrap\">\n\t\t\t\t\t\t\t<section class=\"elementor-section elementor-top-section elementor-element elementor-element-7ae0397 elementor-section-boxed elementor-section-height-default elementor-section-height-default\" data-id=\"7ae0397\" data-element_type=\"section\">\n\t\t\t\t\t\t<div class=\"elementor-container elementor-column-gap-default\">\n\t\t\t\t\t<div class=\"elementor-column elementor-col-100 elementor-top-column elementor-element elementor-element-402cfe0\" data-id=\"402cfe0\" data-element_type=\"column\">\n\t\t\t<div class=\"elementor-widget-wrap elementor-element-populated\">\n\t\t\t\t\t\t\t\t<div class=\"elementor-element elementor-element-434634f elementor-widget elementor-widget-heading\" data-id=\"434634f\" data-element_type=\"widget\" data-widget_type=\"heading.default\">\n\t\t\t\t<div class=\"elementor-widget-container\">\n\t\t\t<h2 class=\"elementor-heading-title elementor-size-default\">INCLUSI\u00d3N SOCIAL<\/h2>\t\t<\/div>\n\t\t\t\t<\/div>\n\t\t\t\t\t<\/div>\n\t\t<\/div>\n\t\t\t\t\t\t\t<\/div>\n\t\t<\/section>\n\t\t\t\t<section class=\"elementor-section elementor-top-section elementor-element elementor-element-d4ecfda elementor-section-boxed elementor-section-height-default elementor-section-height-default\" data-id=\"d4ecfda\" data-element_type=\"section\">\n\t\t\t\t\t\t<div class=\"elementor-container elementor-column-gap-default\">\n\t\t\t\t\t<div class=\"elementor-column elementor-col-50 elementor-top-column elementor-element elementor-element-9eafea1\" data-id=\"9eafea1\" data-element_type=\"column\">\n\t\t\t<div class=\"elementor-widget-wrap elementor-element-populated\">\n\t\t\t\t\t\t\t\t<div class=\"elementor-element elementor-element-69b6294 elementor-widget elementor-widget-image\" data-id=\"69b6294\" data-element_type=\"widget\" data-widget_type=\"image.default\">\n\t\t\t\t<div class=\"elementor-widget-container\">\n\t\t\t\t\t\t\t\t\t\t\t\t\t\t\t<img loading=\"lazy\" decoding=\"async\" width=\"750\" height=\"215\" src=\"https:\/\/capacitacion.corape.org.ec\/covid\/wp-content\/uploads\/2021\/07\/4JULIOARTES-WEB-12-1024x293.png\" class=\"attachment-large size-large\" alt=\"\" srcset=\"https:\/\/capacitacion.corape.org.ec\/covid\/wp-content\/uploads\/2021\/07\/4JULIOARTES-WEB-12-1024x293.png 1024w, https:\/\/capacitacion.corape.org.ec\/covid\/wp-content\/uploads\/2021\/07\/4JULIOARTES-WEB-12-300x86.png 300w, https:\/\/capacitacion.corape.org.ec\/covid\/wp-content\/uploads\/2021\/07\/4JULIOARTES-WEB-12-768x220.png 768w, https:\/\/capacitacion.corape.org.ec\/covid\/wp-content\/uploads\/2021\/07\/4JULIOARTES-WEB-12.png 1459w\" sizes=\"auto, (max-width: 750px) 100vw, 750px\" \/>\t\t\t\t\t\t\t\t\t\t\t\t\t\t\t<\/div>\n\t\t\t\t<\/div>\n\t\t\t\t\t<\/div>\n\t\t<\/div>\n\t\t\t\t<div class=\"elementor-column elementor-col-50 elementor-top-column elementor-element elementor-element-fcda7f6\" data-id=\"fcda7f6\" data-element_type=\"column\">\n\t\t\t<div class=\"elementor-widget-wrap elementor-element-populated\">\n\t\t\t\t\t\t\t\t<div class=\"elementor-element elementor-element-32d404a elementor-widget elementor-widget-text-editor\" data-id=\"32d404a\" data-element_type=\"widget\" data-widget_type=\"text-editor.default\">\n\t\t\t\t<div class=\"elementor-widget-container\">\n\t\t\t\t\t\t\t\t<p><span>Aqu\u00edencontrar\u00e1producciones de CORAPE, sus radios afiliadas y organizaciones aliadas, con el enfoque de inclusi\u00f3n social, y prevenir escenarios de estigma, xenofobia y discriminaci\u00f3n.<\/span><\/p>\t\t\t\t\t\t<\/div>\n\t\t\t\t<\/div>\n\t\t\t\t\t<\/div>\n\t\t<\/div>\n\t\t\t\t\t\t\t<\/div>\n\t\t<\/section>\n\t\t\t\t<section class=\"elementor-section elementor-top-section elementor-element elementor-element-4e62105 elementor-section-boxed elementor-section-height-default elementor-section-height-default\" data-id=\"4e62105\" data-element_type=\"section\">\n\t\t\t\t\t\t<div class=\"elementor-container elementor-column-gap-default\">\n\t\t\t\t\t<div class=\"elementor-column elementor-col-100 elementor-top-column elementor-element elementor-element-23c6132\" data-id=\"23c6132\" data-element_type=\"column\">\n\t\t\t<div class=\"elementor-widget-wrap elementor-element-populated\">\n\t\t\t\t\t\t\t\t<div class=\"elementor-element elementor-element-35d1ceb elementor-widget elementor-widget-html\" data-id=\"35d1ceb\" data-element_type=\"widget\" data-widget_type=\"html.default\">\n\t\t\t\t<div class=\"elementor-widget-container\">\n\t\t\t\r\n\r\n<!DOCTYPE html>\r\n<html lang=\"es\">\r\n   <head>\r\n    <meta charset=\"UTF-8\"\/>\r\n   <title>Educaci\u00f3n<\/title>\r\n  \r\n  <meta name=\"viewport\" content=\"width=device-width, initial-scale=1\">\r\n  <link rel=\"stylesheet\" href=\"https:\/\/maxcdn.bootstrapcdn.com\/bootstrap\/3.4.1\/css\/bootstrap.min.css\">\r\n  <!-- enlace a css alojado en assets para los iconos fa fa -->\r\n<link rel=\"stylesheet\" href=\"https:\/\/cdnjs.cloudflare.com\/ajax\/libs\/font-awesome\/4.7.0\/css\/font-awesome.min.css\">\r\n  \r\n  <script src=\"https:\/\/ajax.googleapis.com\/ajax\/libs\/jquery\/3.4.1\/jquery.min.js\"><\/script>\r\n  <script src=\"https:\/\/maxcdn.bootstrapcdn.com\/bootstrap\/3.4.1\/js\/bootstrap.min.js\"><\/script>\r\n      \r\n     <!-- cabeceras borrar cache -->\r\n     \r\n     <meta http-equiv=\"Expires\" content=\"0\">\r\n \r\n<meta http-equiv=\"Last-Modified\" content=\"0\">\r\n \r\n<meta http-equiv=\"Cache-Control\" content=\"no-cache, mustrevalidate\">\r\n \r\n<meta http-equiv=\"Pragma\" content=\"no-cache\">\r\n\t \r\n   <\/head>\r\n\r\n   <body onload=\"createChart(0)\">\r\n       \r\n\r\n\r\n         <br><br>\r\n    <!--  <div style=\"text-align:center;\">\r\n        <button style=\"text-align:center;\" onclick=\"createChart(1)\" class=\"btn btn-primary\" type=\"submit\" formtarget=\"\">Cu\u00f1a<\/button>\r\n         <button onclick=\"createChart(2)\" class=\"btn btn-primary\" type=\"submit\" formtarget=\"\">Canci\u00f3n<\/button>\r\n          <button onclick=\"createChart(3)\" class=\"btn btn-primary\" type=\"submit\" formtarget=\"\">Microprograma<\/button>\r\n             <button style=\"text-align:center;\" onclick=\"createChart(4)\" class=\"btn btn-primary\" type=\"submit\" formtarget=\"\">Radioclip<\/button>\r\n         <button onclick=\"createChart(5)\" class=\"btn btn-primary\" type=\"submit\" formtarget=\"\">Cuento<\/button>\r\n          \r\n             <button style=\"text-align:center;\" onclick=\"createChart(7)\" class=\"btn btn-primary\" type=\"submit\" formtarget=\"\">Historia<\/button>\r\n         <button onclick=\"createChart(8)\" class=\"btn btn-primary\" type=\"submit\" formtarget=\"\">Clip<\/button>\r\n          \r\n      \r\n    <\/div> \r\n    -->\r\n    <br><br>\r\n      <div class=\"tab_menu\">\r\n      <ul>\r\n       <li><a  onclick=\"createChart(1)\" href=\"#\"><span class=\"icon\"><img decoding=\"async\" src=\"https:\/\/corape.org.ec\/apicovid\/cliente\/images\/i1.png\" alt=\"#\" \/><\/span><span>Cu\u00f1a<\/span><\/a><\/li>\r\n       <li><a  onclick=\"createChart(2)\" href=\"#\"><span class=\"icon\"><img decoding=\"async\" src=\"https:\/\/corape.org.ec\/apicovid\/cliente\/images\/i3.png\" alt=\"#\" \/><\/span><span>Canci\u00f3n<\/span><\/a><\/li>\r\n       <li><a  onclick=\"createChart(3)\" href=\"#\"><span class=\"icon\"><img decoding=\"async\" src=\"https:\/\/corape.org.ec\/apicovid\/cliente\/images\/i4.png\" alt=\"#\" \/><\/span><span>Microprograma<\/span><\/a><\/li>\r\n       <li><a  onclick=\"createChart(4)\" href=\"#\"><span class=\"icon\"><img decoding=\"async\" src=\"https:\/\/corape.org.ec\/apicovid\/cliente\/images\/i5.png\" alt=\"#\" \/><\/span><span>Radioclip<\/span><\/a><\/li>\r\n       <li><a  onclick=\"createChart(5)\" href=\"#\"><span class=\"icon\"><img decoding=\"async\" src=\"https:\/\/corape.org.ec\/apicovid\/cliente\/images\/i6.png\" alt=\"#\" \/><\/span><span>Cuento<\/span><\/a><\/li>\r\n       <li><a  onclick=\"createChart(6)\" href=\"#\"><span class=\"icon\"><img decoding=\"async\" src=\"https:\/\/corape.org.ec\/apicovid\/cliente\/images\/i7.png\" alt=\"#\" \/><\/span><span>Pastilla<\/span><\/a><\/li>\r\n       <li><a  onclick=\"createChart(7)\" href=\"#\"><span class=\"icon\"><img decoding=\"async\" src=\"https:\/\/corape.org.ec\/apicovid\/cliente\/images\/i8.png\" alt=\"#\" \/><\/span><span>Historia<\/span><\/a><\/li>\r\n       <li><a  onclick=\"createChart(8)\" href=\"#\"><span class=\"icon\"><img decoding=\"async\" src=\"https:\/\/corape.org.ec\/apicovid\/cliente\/images\/i9.png\" alt=\"#\" \/><\/span><span>Clip<\/span><\/a><\/li>\r\n       <li><a  onclick=\"createChart(9)\" href=\"#\"><span class=\"icon\"><img decoding=\"async\" src=\"https:\/\/corape.org.ec\/apicovid\/cliente\/images\/i10.png\" alt=\"#\" \/><\/span><span>Consejos<\/span><\/a><\/li>\r\n      <\/ul>\r\n   <\/div>\r\n    <style>\r\n      \r\n.tab_menu {\r\n    width: 100%;\r\n    height: 110px;\r\n    background: #fff;\r\n    float: left;\r\n    border-radius: 10px;\r\n    margin-top: -50px;\r\n    position: relative;\r\n    z-index: 9;\r\n    box-shadow: 0px 0 14px 0 rgba(0,0,0,.3);\r\n    overflow: hidden;\r\n    padding: 0 30px;\r\n}\r\n\/* marcos *\/\r\n.tab_menu ul li:nth-child(7),.tab_menu ul li:nth-child(5),.tab_menu ul li:nth-child(3),.tab_menu ul li:nth-child(1),.tab_menu ul li:nth-child(9) {\r\n    background: #002147;\r\n    transform: skew(-30deg);\r\n\tcolor:#fff;\r\n}\r\n\r\n.tab_menu ul li:nth-child(6),.tab_menu ul li:nth-child(4),.tab_menu ul li:nth-child(2),.tab_menu ul li:nth-child(8) {\r\n    background: #d4a81e;\r\n    transform: skew(-30deg);\r\n\tcolor:#fff;\r\n}\r\n\/* textos color *\/\r\n.tab_menu ul li:nth-child(7) a,.tab_menu ul li:nth-child(5) a,.tab_menu ul li:nth-child(3) a,.tab_menu ul li:nth-child(1) a,.tab_menu ul li:nth-child(9) a {\r\n    transform: skew(30deg);\r\n\tfloat: left;\r\n\tcolor: #fff;\r\n}\r\n\r\n.tab_menu ul li:nth-child(6) a,.tab_menu ul li:nth-child(4) a,.tab_menu ul li:nth-child(2) a,.tab_menu ul li:nth-child(8) a {\r\n    transform: skew(30deg);\r\n\tfloat: left;\r\n\tcolor: #fff;\r\n}\r\n\r\n.tab_menu ul li span {\r\n    font-size: 17px;\r\n    font-weight: 500;\r\n    text-align: center;\r\n    width: 100%;\r\n    float: left;\r\n}\r\n\r\n.tab_menu ul li {\r\n    width: 11.10%;\r\n    float: left;\r\n    padding: 25px 0;\r\n    display: flex;\r\n    justify-content: center;\r\n}\r\n\r\nspan.icon {\r\n    float: left;\r\n    width: 100%;\r\n    text-align: center;\r\n}\r\n\r\nspan.icon img {\r\n    height: 35px;\r\n}\r\n    <\/style>\r\n <br><br>\r\n<div class=\"row\" id=\"personDataTable\"> <\/div>\r\n        \r\n<style>\r\ntable {\r\n  border: 2px solid #666;   \r\n    width: 100%;\r\n}\r\nth {\r\n  background: #f8f8f8; \r\n  font-weight: bold;    \r\n    padding: 2px;\r\n}\t\r\n<\/style>\r\n <br><br>\r\n    \r\n \r\n<div class=\"row\" id=\"personDataTable\"> <\/div>\r\n        \r\n<style>\r\ntable {\r\n  border: 2px solid #666;   \r\n    width: 100%;\r\n}\r\nth {\r\n  background: #f8f8f8; \r\n  font-weight: bold;    \r\n    padding: 2px;\r\n}\t\r\n<\/style>\r\n\r\n\r\n\r\n\r\n<script>\r\n  function createChart(valor) {\r\n\r\n     \r\nswitch(valor) {\r\n  case 1:\r\n    var texto = \"Cu\u00f1a\";\r\n    break;\r\n  case 2:\r\n      var texto = \"Canci\u00f3n\"\r\n    break;\r\n     case 3:\r\n      var texto = \"Microprograma\"\r\n    break;\r\n     case 4:\r\n      var texto = \"Radioclip\"\r\n    break;\r\n     case 5:\r\n      var texto = \"Cuento\"\r\n    break;\r\n     case 6:\r\n      var texto = \"Pastilla\"\r\n    break;\r\n     case 7:\r\n      var texto = \"Historia\"\r\n    break;\r\n     case 8:\r\n      var texto = \"Clip\"\r\n    break;\r\n     case 9:\r\n      var texto = \"Consejos\"\r\n    break;\r\n  default:\r\n  var texto = document.getElementById('texto').value; \r\n}\r\n\r\nvar urlf = \"https:\/\/corape.org.ec\/apicovid\/ws\/inclucion.php?nombre=\";\r\nvar res = urlf.concat(texto);\r\n\r\n\r\n$.ajax({\r\n    url: res,\r\n    type: \"get\",\r\n    dataType: \"json\",\r\n   \r\n    success: function(data) {\r\n        drawTable(data);\r\n    }\r\n    \r\n});\r\n\r\nfunction drawTable(data) {\r\n    \r\n    for (var i = 0; i < data.length; i++) {\r\n        drawRow(data[i]);\r\n        \r\n    }\r\n   \r\n}\r\n\r\nfunction drawRow(rowData) {\r\n    var row = $(\"<div class=\\\"col-sm-4 col-md-4 col-lg-4\\\">\")\r\n   \r\n    $(\"#personDataTable\").append(row); \r\n    row.append($(\"<h4 style=\\\"align: center; background-color: #F8C668;  display: flex; justify-content: center; align-items: center; text-align:center; height: 38px;\\\"><b>\" + rowData.galeria_nombre + \"<\/b><\/h4><p style=\\\"text-align: center;\\\"><audio controls=\\\"\\\" controlslist=\\\"download\\\" style=\\\" background-color: orange;\\\"><source src=\\\"https:\/\/www.corape.org.ec\/covid\/media\/pictures\/_galeria\/\" + rowData.galeria_url + \"\\\" type=\\\"audio\/mp3\\\" \/><\/audio><a href=\\\"\/covid\/media\/pictures\/_galeria\/\" + encodeURI(rowData.galeria_url) + \" \\\" download><i class=\\\"fa fa-download fa-3x\\\" style=\\\"vertical-align: bottom;color:black;\\\" style=\\\"font-size:36px\\\"><\/i><\/a><\/p><p class=\\\"mostrarpc\\\" style=\\\"align: center; text-align:center; height: 100px;\\\">\" + rowData.galeria_descripcion + \"<\/p><\/div>\"));\r\n \r\n}\r\n\r\n\r\n  $(\"#personDataTable\").empty().append(row); \r\n\r\n}\r\n<\/script>\r\n\r\n<\/body>\r\n<\/html>\r\n\t\t<\/div>\n\t\t\t\t<\/div>\n\t\t\t\t\t<\/div>\n\t\t<\/div>\n\t\t\t\t\t\t\t<\/div>\n\t\t<\/section>\n\t\t\t\t\t\t<\/div>\n\t\t\t\t\t<\/div>\n\t\t","protected":false},"excerpt":{"rendered":"<p>INCLUSI\u00d3N SOCIAL Aqu\u00edencontrar\u00e1producciones de CORAPE, sus radios afiliadas y organizaciones aliadas, con el enfoque de inclusi\u00f3n social, y prevenir escenarios de estigma, xenofobia y discriminaci\u00f3n. Educaci\u00f3n Cu\u00f1a Canci\u00f3n Microprograma Radioclip Cuento Pastilla Historia Clip Consejos<\/p>\n","protected":false},"author":1,"featured_media":0,"parent":0,"menu_order":0,"comment_status":"closed","ping_status":"closed","template":"elementor_header_footer","meta":{"footnotes":""},"class_list":["post-409","page","type-page","status-publish","hentry"],"_links":{"self":[{"href":"https:\/\/capacitacion.corape.org.ec\/covid\/wp-json\/wp\/v2\/pages\/409","targetHints":{"allow":["GET"]}}],"collection":[{"href":"https:\/\/capacitacion.corape.org.ec\/covid\/wp-json\/wp\/v2\/pages"}],"about":[{"href":"https:\/\/capacitacion.corape.org.ec\/covid\/wp-json\/wp\/v2\/types\/page"}],"author":[{"embeddable":true,"href":"https:\/\/capacitacion.corape.org.ec\/covid\/wp-json\/wp\/v2\/users\/1"}],"replies":[{"embeddable":true,"href":"https:\/\/capacitacion.corape.org.ec\/covid\/wp-json\/wp\/v2\/comments?post=409"}],"version-history":[{"count":7,"href":"https:\/\/capacitacion.corape.org.ec\/covid\/wp-json\/wp\/v2\/pages\/409\/revisions"}],"predecessor-version":[{"id":417,"href":"https:\/\/capacitacion.corape.org.ec\/covid\/wp-json\/wp\/v2\/pages\/409\/revisions\/417"}],"wp:attachment":[{"href":"https:\/\/capacitacion.corape.org.ec\/covid\/wp-json\/wp\/v2\/media?parent=409"}],"curies":[{"name":"wp","href":"https:\/\/api.w.org\/{rel}","templated":true}]}}